{"id":379113,"date":"2025-10-19T21:57:09","date_gmt":"2025-10-19T21:57:09","guid":{"rendered":"https:\/\/made4booking.com\/?page_id=379113"},"modified":"2026-01-04T00:50:08","modified_gmt":"2026-01-04T00:50:08","slug":"about-us","status":"publish","type":"page","link":"https:\/\/made4booking.com\/en\/about-us\/","title":{"rendered":"About us"},"content":{"rendered":"<p>[et_pb_section fb_built=&#8221;1&#8243; module_class=&#8221;promo2026-popup&#8221; _builder_version=&#8221;4.27.5&#8243; _module_preset=&#8221;default&#8221; saved_tabs=&#8221;all&#8221; global_colors_info=&#8221;{}&#8221;][et_pb_row _builder_version=&#8221;4.27.5&#8243; _module_preset=&#8221;default&#8221; width=&#8221;90%&#8221; max_width=&#8221;1300px&#8221; global_colors_info=&#8221;{}&#8221;][et_pb_column type=&#8221;4_4&#8243; _builder_version=&#8221;4.27.4&#8243; _module_preset=&#8221;default&#8221; global_colors_info=&#8221;{}&#8221;][et_pb_cta title=&#8221;26% popusta u 2026.&#8221; button_url=&#8221;https:\/\/made4booking.com\/hr\/kontakt&#8221; button_text=&#8221;Zatra\u017eite ponudu&#8221; _builder_version=&#8221;4.27.5&#8243; _module_preset=&#8221;default&#8221; header_font=&#8221;Manrope|700|||||||&#8221; header_font_size=&#8221;35px&#8221; header_line_height=&#8221;1.2em&#8221; body_font=&#8221;Manrope||||||||&#8221; body_text_color=&#8221;#FFFFFF&#8221; body_font_size=&#8221;16px&#8221; background_color=&#8221;#153652&#8243; use_background_color_gradient=&#8221;on&#8221; background_color_gradient_direction=&#8221;90deg&#8221; background_color_gradient_stops=&#8221;#01aeea 1%|#00e0ff 100%&#8221; custom_button=&#8221;on&#8221; button_text_size=&#8221;16px&#8221; button_text_color=&#8221;#153652&#8243; button_bg_color=&#8221;#FFFFFF&#8221; button_border_width=&#8221;0px&#8221; button_border_radius=&#8221;30px&#8221; button_letter_spacing=&#8221;2px&#8221; button_font=&#8221;Manrope||||||||&#8221; button_use_icon=&#8221;off&#8221; button_custom_padding=&#8221;13px|35px|13px|35px|true|true&#8221; hover_enabled=&#8221;0&#8243; border_radii=&#8221;on|20px|20px|20px|20px&#8221; global_colors_info=&#8221;{}&#8221; sticky_enabled=&#8221;0&#8243;]<\/p>\n<p data-start=\"964\" data-end=\"1057\">Za po\u010detak nove godine omogu\u0107ujemo <strong data-start=\"1012\" data-end=\"1027\">26% popusta<\/strong> za ograni\u010den broj nekretnina.<\/p>\n<p data-start=\"1059\" data-end=\"1135\">Kako biste ostvarili pogodnost, prilikom upita unesite promo kod:<\/p>\n<h2 data-start=\"448\" data-end=\"499\"><br data-start=\"488\" data-end=\"491\" \/><strong data-start=\"491\" data-end=\"499\">2026<\/strong><\/h2>\n<p>[\/et_pb_cta][\/et_pb_column][\/et_pb_row][et_pb_row _builder_version=&#8221;4.27.5&#8243; _module_preset=&#8221;default&#8221; width=&#8221;95%&#8221; max_width=&#8221;1300px&#8221; custom_padding=&#8221;0px||0px||false|false&#8221; global_colors_info=&#8221;{}&#8221;][et_pb_column type=&#8221;4_4&#8243; _builder_version=&#8221;4.27.5&#8243; _module_preset=&#8221;default&#8221; global_colors_info=&#8221;{}&#8221;][et_pb_code disabled_on=&#8221;on|on|on&#8221; _builder_version=&#8221;4.27.5&#8243; _module_preset=&#8221;default&#8221; disabled=&#8221;on&#8221; global_colors_info=&#8221;{}&#8221;]<\/p>\n<div id=\"m4b-search-apartmani-menudila\"><\/div>\n<p><!-- [et_pb_line_break_holder] --><script><!-- [et_pb_line_break_holder] -->(function(){<!-- [et_pb_line_break_holder] -->  var d=document,c=d.getElementById('m4b-search-apartmani-menudila');<!-- [et_pb_line_break_holder] -->  if(!c)return;<!-- [et_pb_line_break_holder] -->  var f=d.createElement('iframe');<!-- [et_pb_line_break_holder] -->  f.src='https:\/\/login.made4booking.com\/search\/apartmani-menudila?lang=hr';<!-- [et_pb_line_break_holder] -->  var isMobile=window.innerWidth<768;<!-- [et_pb_line_break_holder] -->  f.style.cssText='width:100%;border:none;overflow:hidden;height:'+(isMobile?'220':'130')+'px';<!-- [et_pb_line_break_holder] -->  f.allow='clipboard-write';<!-- [et_pb_line_break_holder] -->  f.scrolling='no';<!-- [et_pb_line_break_holder] -->  f.title='Search Properties';<!-- [et_pb_line_break_holder] -->  c.appendChild(f);<!-- [et_pb_line_break_holder] -->  window.addEventListener('message',function(e){<!-- [et_pb_line_break_holder] -->    if(e.data&&e.data.type==='m4b-resize-apartmani-menudila')f.style.height=e.data.height+'px';<!-- [et_pb_line_break_holder] -->  });<!-- [et_pb_line_break_holder] -->})();<!-- [et_pb_line_break_holder] --><\/script>[\/et_pb_code][\/et_pb_column][\/et_pb_row][\/et_pb_section][et_pb_section fb_built=&#8221;1&#8243; module_class=&#8221;promo2026-popup&#8221; _builder_version=&#8221;4.27.5&#8243; _module_preset=&#8221;default&#8221; global_module=&#8221;380576&#8243; saved_tabs=&#8221;all&#8221; global_colors_info=&#8221;{}&#8221;][et_pb_row _builder_version=&#8221;4.27.5&#8243; _module_preset=&#8221;default&#8221; width=&#8221;90%&#8221; max_width=&#8221;1300px&#8221; global_colors_info=&#8221;{}&#8221;][et_pb_column type=&#8221;4_4&#8243; _builder_version=&#8221;4.27.4&#8243; _module_preset=&#8221;default&#8221; global_colors_info=&#8221;{}&#8221;][et_pb_cta title=&#8221;26% off in 2026&#8243; button_url=&#8221;https:\/\/made4booking.com\/contact&#8221; button_text=&#8221;Request an offer&#8221; _builder_version=&#8221;4.27.5&#8243; _module_preset=&#8221;default&#8221; header_font=&#8221;Manrope|700|||||||&#8221; header_font_size=&#8221;35px&#8221; header_line_height=&#8221;1.2em&#8221; body_font=&#8221;Manrope||||||||&#8221; body_text_color=&#8221;#FFFFFF&#8221; body_font_size=&#8221;16px&#8221; background_color=&#8221;#153652&#8243; use_background_color_gradient=&#8221;on&#8221; background_color_gradient_direction=&#8221;90deg&#8221; background_color_gradient_stops=&#8221;#01aeea 1%|#00e0ff 100%&#8221; custom_button=&#8221;on&#8221; button_text_size=&#8221;16px&#8221; button_text_color=&#8221;#153652&#8243; button_bg_color=&#8221;#FFFFFF&#8221; button_border_width=&#8221;0px&#8221; button_border_radius=&#8221;30px&#8221; button_letter_spacing=&#8221;2px&#8221; button_font=&#8221;Manrope||||||||&#8221; button_use_icon=&#8221;off&#8221; button_custom_padding=&#8221;13px|35px|13px|35px|true|true&#8221; hover_enabled=&#8221;0&#8243; border_radii=&#8221;on|20px|20px|20px|20px&#8221; global_colors_info=&#8221;{}&#8221; sticky_enabled=&#8221;0&#8243;]<\/p>\n<p data-start=\"220\" data-end=\"349\">To mark the beginning of <strong data-start=\"245\" data-end=\"253\">2026<\/strong>, we are offering <strong data-start=\"271\" data-end=\"282\">26% off<\/strong> for the first <strong data-start=\"297\" data-end=\"314\">10 properties<\/strong> that join the Made4Booking system.<\/p>\n<p data-start=\"351\" data-end=\"415\">To receive the discount, please enter the promo code:<\/p>\n<h2 data-start=\"448\" data-end=\"499\"><br data-start=\"488\" data-end=\"491\" \/><strong data-start=\"491\" data-end=\"499\">2026<\/strong><\/h2>\n<p>[\/et_pb_cta][\/et_pb_column][\/et_pb_row][et_pb_row _builder_version=&#8221;4.27.5&#8243; _module_preset=&#8221;default&#8221; width=&#8221;95%&#8221; max_width=&#8221;1300px&#8221; custom_padding=&#8221;0px||0px||false|false&#8221; global_colors_info=&#8221;{}&#8221;][et_pb_column type=&#8221;4_4&#8243; _builder_version=&#8221;4.27.5&#8243; _module_preset=&#8221;default&#8221; global_colors_info=&#8221;{}&#8221;][et_pb_code disabled_on=&#8221;on|on|on&#8221; _builder_version=&#8221;4.27.5&#8243; _module_preset=&#8221;default&#8221; disabled=&#8221;on&#8221; global_colors_info=&#8221;{}&#8221;]<\/p>\n<div id=\"m4b-search-apartmani-menudila\"><\/div>\n<p><!-- [et_pb_line_break_holder] --><script><!-- [et_pb_line_break_holder] -->(function(){<!-- [et_pb_line_break_holder] -->  var d=document,c=d.getElementById('m4b-search-apartmani-menudila');<!-- [et_pb_line_break_holder] -->  if(!c)return;<!-- [et_pb_line_break_holder] -->  var f=d.createElement('iframe');<!-- [et_pb_line_break_holder] -->  f.src='https:\/\/login.made4booking.com\/search\/apartmani-menudila?lang=hr';<!-- [et_pb_line_break_holder] -->  var isMobile=window.innerWidth<768;<!-- [et_pb_line_break_holder] -->  f.style.cssText='width:100%;border:none;overflow:hidden;height:'+(isMobile?'220':'130')+'px';<!-- [et_pb_line_break_holder] -->  f.allow='clipboard-write';<!-- [et_pb_line_break_holder] -->  f.scrolling='no';<!-- [et_pb_line_break_holder] -->  f.title='Search Properties';<!-- [et_pb_line_break_holder] -->  c.appendChild(f);<!-- [et_pb_line_break_holder] -->  window.addEventListener('message',function(e){<!-- [et_pb_line_break_holder] -->    if(e.data&&e.data.type==='m4b-resize-apartmani-menudila')f.style.height=e.data.height+'px';<!-- [et_pb_line_break_holder] -->  });<!-- [et_pb_line_break_holder] -->})();<!-- [et_pb_line_break_holder] --><\/script>[\/et_pb_code][\/et_pb_column][\/et_pb_row][\/et_pb_section]<\/p>\n","protected":false},"excerpt":{"rendered":"<p>Za po\u010detak nove godine omogu\u0107ujemo 26% popusta za ograni\u010den broj nekretnina. Kako biste ostvarili pogodnost, prilikom upita unesite promo kod: 2026To mark the beginning of 2026, we are offering 26% off for the first 10 properties that join the Made4Booking system. To receive the discount, please enter the promo code: 2026<\/p>\n","protected":false},"author":1,"featured_media":0,"parent":0,"menu_order":0,"comment_status":"closed","ping_status":"closed","template":"","meta":{"_et_pb_use_builder":"on","_et_pb_old_content":"<!-- wp:divi\/placeholder \/-->","_et_gb_content_width":"","footnotes":""},"class_list":["post-379113","page","type-page","status-publish","hentry"],"_links":{"self":[{"href":"https:\/\/made4booking.com\/en\/wp-json\/wp\/v2\/pages\/379113","targetHints":{"allow":["GET"]}}],"collection":[{"href":"https:\/\/made4booking.com\/en\/wp-json\/wp\/v2\/pages"}],"about":[{"href":"https:\/\/made4booking.com\/en\/wp-json\/wp\/v2\/types\/page"}],"author":[{"embeddable":true,"href":"https:\/\/made4booking.com\/en\/wp-json\/wp\/v2\/users\/1"}],"replies":[{"embeddable":true,"href":"https:\/\/made4booking.com\/en\/wp-json\/wp\/v2\/comments?post=379113"}],"version-history":[{"count":71,"href":"https:\/\/made4booking.com\/en\/wp-json\/wp\/v2\/pages\/379113\/revisions"}],"predecessor-version":[{"id":380595,"href":"https:\/\/made4booking.com\/en\/wp-json\/wp\/v2\/pages\/379113\/revisions\/380595"}],"wp:attachment":[{"href":"https:\/\/made4booking.com\/en\/wp-json\/wp\/v2\/media?parent=379113"}],"curies":[{"name":"wp","href":"https:\/\/api.w.org\/{rel}","templated":true}]}}